{"id":2,"date":"2012-09-24T15:12:03","date_gmt":"2012-09-24T15:12:03","guid":{"rendered":"http:\/\/geosol.eutamogatas.org.hu\/?page_id=2"},"modified":"2012-10-10T10:51:02","modified_gmt":"2012-10-10T08:51:02","slug":"ez-egy-minta-oldal","status":"publish","type":"page","link":"http:\/\/geosol.eutamogatas.org.hu\/","title":{"rendered":"A beruh\u00e1z\u00e1s"},"content":{"rendered":"<p>A projekt c\u00e9lja a GEOSOL Kft. R12 hullad\u00e9k el\u0151kezel\u00e9si-kezel\u00e9si tev\u00e9kenys\u00e9g\u00e9nek min\u0151s\u00e9gi \u00e9s mennyis\u00e9gi fejleszt\u00e9se, ennek \u00e9rdek\u00e9ben a Kft. \u00faj telephely\u00e9nek \u00e9s a sz\u00fcks\u00e9ges technol\u00f3gi\u00e1j\u00e1nak kialak\u00edt\u00e1sa, mely funkci\u00f3j\u00e1ban k\u00e9t el\u0151kezel\u00e9si feladat ell\u00e1t\u00e1s\u00e1t szolg\u00e1lja:<br \/>\n<strong>T1 technol\u00f3gia:<\/strong>\u00a0 alternat\u00edv t\u00fczel\u0151anyagok fogad\u00e1sa-el\u0151k\u00e9sz\u00edt\u00e9se-felad\u00e1sa er\u0151m\u0171vi egy\u00fctt\u00e9get\u00e9sre &#8211; kapacit\u00e1sb\u0151v\u00edt\u00e9s.<br \/>\n<strong>T2 technol\u00f3gia:<\/strong>\u00a0magas szervesanyag tartalm\u00fa iszapok fogad\u00e1sa, el\u0151kezel\u00e9se v\u00edztelen\u00edt\u00e9ses elj\u00e1r\u00e1ssal, a kapott sz\u00e1razanyag felad\u00e1sa er\u0151m\u0171vi egy\u00fctt\u00e9get\u00e9sre, azaz alternat\u00edv t\u00fczel\u0151anyag el\u0151\u00e1ll\u00edt\u00e1sa, amely \u00faj technol\u00f3gia a hazai hullad\u00e9kkezel\u00e9si-hasznos\u00edt\u00e1si elj\u00e1r\u00e1sokban \u00e9s GEOSOL Kft. tev\u00e9kenys\u00e9g\u00e9ben is.<\/p>\n","protected":false},"excerpt":{"rendered":"<p>A projekt c\u00e9lja a GEOSOL Kft. R12 hullad\u00e9k el\u0151kezel\u00e9si-kezel\u00e9si tev\u00e9kenys\u00e9g\u00e9nek min\u0151s\u00e9gi \u00e9s mennyis\u00e9gi fejleszt\u00e9se, ennek \u00e9rdek\u00e9ben a Kft. \u00faj telephely\u00e9nek \u00e9s a sz\u00fcks\u00e9ges technol\u00f3gi\u00e1j\u00e1nak kialak\u00edt\u00e1sa, mely funkci\u00f3j\u00e1ban k\u00e9t el\u0151kezel\u00e9si feladat ell\u00e1t\u00e1s\u00e1t szolg\u00e1lja: T1 technol\u00f3gia:\u00a0 alternat\u00edv t\u00fczel\u0151anyagok fogad\u00e1sa-el\u0151k\u00e9sz\u00edt\u00e9se-felad\u00e1sa er\u0151m\u0171vi egy\u00fctt\u00e9get\u00e9sre &#8211; &hellip; <a href=\"http:\/\/geosol.eutamogatas.org.hu\/\">Folytat\u00e1s <span class=\"meta-nav\">&rarr;<\/span><\/a><\/p>\n","protected":false},"author":1,"featured_media":0,"parent":0,"menu_order":0,"comment_status":"open","ping_status":"open","template":"","meta":[],"_links":{"self":[{"href":"http:\/\/geosol.eutamogatas.org.hu\/index.php?rest_route=\/wp\/v2\/pages\/2"}],"collection":[{"href":"http:\/\/geosol.eutamogatas.org.hu\/index.php?rest_route=\/wp\/v2\/pages"}],"about":[{"href":"http:\/\/geosol.eutamogatas.org.hu\/index.php?rest_route=\/wp\/v2\/types\/page"}],"author":[{"embeddable":true,"href":"http:\/\/geosol.eutamogatas.org.hu\/index.php?rest_route=\/wp\/v2\/users\/1"}],"replies":[{"embeddable":true,"href":"http:\/\/geosol.eutamogatas.org.hu\/index.php?rest_route=%2Fwp%2Fv2%2Fcomments&post=2"}],"version-history":[{"count":6,"href":"http:\/\/geosol.eutamogatas.org.hu\/index.php?rest_route=\/wp\/v2\/pages\/2\/revisions"}],"predecessor-version":[{"id":18,"href":"http:\/\/geosol.eutamogatas.org.hu\/index.php?rest_route=\/wp\/v2\/pages\/2\/revisions\/18"}],"wp:attachment":[{"href":"http:\/\/geosol.eutamogatas.org.hu\/index.php?rest_route=%2Fwp%2Fv2%2Fmedia&parent=2"}],"curies":[{"name":"wp","href":"https:\/\/api.w.org\/{rel}","templated":true}]}}