{"id":7,"date":"2012-09-27T12:05:05","date_gmt":"2012-09-27T10:05:05","guid":{"rendered":"http:\/\/geosol.eutamogatas.org.hu\/?page_id=7"},"modified":"2012-10-04T21:31:39","modified_gmt":"2012-10-04T19:31:39","slug":"a-tamogatas","status":"publish","type":"page","link":"http:\/\/geosol.eutamogatas.org.hu\/?page_id=7","title":{"rendered":"A t\u00e1mogat\u00e1s"},"content":{"rendered":"<p><strong>Projekt megnevez\u00e9se:<\/strong> GEOSOL Kft. alternat\u00edv t\u00fczel\u0151anyag fogad\u00f3-el\u0151k\u00e9sz\u00edt\u0151-felad\u00f3 telephely l\u00e9tes\u00edt\u00e9se<\/p>\n<p><strong>Kedvezm\u00e9nyezett:<\/strong> GEOSOL Kft.<\/p>\n<p><strong>Szerz\u0151d\u00e9s hat\u00e1lyba l\u00e9p\u00e9s\u00e9nek d\u00e1tuma:<\/strong>\u00a02012.06.28.<\/p>\n<p><strong>Konstrukci\u00f3 sz\u00e1ma:<\/strong> GOP-2.1.4-09\/H<\/p>\n<p><strong>A projekt azonos\u00edt\u00f3 sz\u00e1ma:<\/strong> GOP-2.1.4-09\/H-2010-0007<\/p>\n<p><strong>T\u00e1mogat\u00e1s \u00f6sszege:<\/strong> 979 699 801 Ft<\/p>\n<p><strong>A projekt elsz\u00e1molhat\u00f3 k\u00f6lts\u00e9ge:<\/strong> 1 959 399 601 Ft<\/p>\n<p><strong>Projekt id\u0151tartama<\/strong> (tervezett): 2012.07.01\u00a0&#8211;\u00a02014.06.20<\/p>\n<p><strong>K\u00f6zrem\u0171k\u00f6d\u0151 szervezet:<\/strong> MAG- Magyar Gazdas\u00e1gfejleszt\u00e9si K\u00f6zpont Zrt.<\/p>\n","protected":false},"excerpt":{"rendered":"<p>Projekt megnevez\u00e9se: GEOSOL Kft. alternat\u00edv t\u00fczel\u0151anyag fogad\u00f3-el\u0151k\u00e9sz\u00edt\u0151-felad\u00f3 telephely l\u00e9tes\u00edt\u00e9se Kedvezm\u00e9nyezett: GEOSOL Kft. Szerz\u0151d\u00e9s hat\u00e1lyba l\u00e9p\u00e9s\u00e9nek d\u00e1tuma:\u00a02012.06.28. Konstrukci\u00f3 sz\u00e1ma: GOP-2.1.4-09\/H A projekt azonos\u00edt\u00f3 sz\u00e1ma: GOP-2.1.4-09\/H-2010-0007 T\u00e1mogat\u00e1s \u00f6sszege: 979 699 801 Ft A projekt elsz\u00e1molhat\u00f3 k\u00f6lts\u00e9ge: 1 959 399 601 Ft Projekt &hellip; <a href=\"http:\/\/geosol.eutamogatas.org.hu\/?page_id=7\">Folytat\u00e1s <span class=\"meta-nav\">&rarr;<\/span><\/a><\/p>\n","protected":false},"author":1,"featured_media":0,"parent":0,"menu_order":0,"comment_status":"open","ping_status":"open","template":"","meta":[],"_links":{"self":[{"href":"http:\/\/geosol.eutamogatas.org.hu\/index.php?rest_route=\/wp\/v2\/pages\/7"}],"collection":[{"href":"http:\/\/geosol.eutamogatas.org.hu\/index.php?rest_route=\/wp\/v2\/pages"}],"about":[{"href":"http:\/\/geosol.eutamogatas.org.hu\/index.php?rest_route=\/wp\/v2\/types\/page"}],"author":[{"embeddable":true,"href":"http:\/\/geosol.eutamogatas.org.hu\/index.php?rest_route=\/wp\/v2\/users\/1"}],"replies":[{"embeddable":true,"href":"http:\/\/geosol.eutamogatas.org.hu\/index.php?rest_route=%2Fwp%2Fv2%2Fcomments&post=7"}],"version-history":[{"count":3,"href":"http:\/\/geosol.eutamogatas.org.hu\/index.php?rest_route=\/wp\/v2\/pages\/7\/revisions"}],"predecessor-version":[{"id":15,"href":"http:\/\/geosol.eutamogatas.org.hu\/index.php?rest_route=\/wp\/v2\/pages\/7\/revisions\/15"}],"wp:attachment":[{"href":"http:\/\/geosol.eutamogatas.org.hu\/index.php?rest_route=%2Fwp%2Fv2%2Fmedia&parent=7"}],"curies":[{"name":"wp","href":"https:\/\/api.w.org\/{rel}","templated":true}]}}